{"id":71,"date":"2023-12-28T21:49:43","date_gmt":"2023-12-28T21:49:43","guid":{"rendered":"http:\/\/maibach-landschaftsbau.de\/?page_id=71"},"modified":"2026-01-18T12:06:00","modified_gmt":"2026-01-18T12:06:00","slug":"ueber-uns","status":"publish","type":"page","link":"https:\/\/maibach-landschaftsbau.de\/?page_id=71","title":{"rendered":"\u00dcber uns"},"content":{"rendered":"\n<div class=\"wp-block-cover alignfull has-parallax ticss-c3293e31\" style=\"margin-top:-50px;margin-bottom:0;padding-top:0;padding-bottom:0;min-height:300px;aspect-ratio:unset;\"><span aria-hidden=\"true\" class=\"wp-block-cover__background has-contrast-background-color has-background-dim-10 has-background-dim\"><\/span><div class=\"wp-block-cover__image-background wp-image-589 has-parallax\" style=\"background-position:50% 50%;background-image:url(http:\/\/maibach-landschaftsbau.de\/wp-content\/uploads\/2025\/01\/20231009_132617.jpg)\"><\/div><div class=\"wp-block-cover__inner-container is-layout-flow wp-container-core-cover-is-layout-1 wp-block-cover-is-layout-flow\">\n<div class=\"wp-block-group alignfull has-global-padding is-layout-constrained wp-container-core-group-is-layout-2 wp-block-group-is-layout-constrained\" style=\"min-height:0vh;margin-top:0;margin-bottom:0;padding-top:var(--wp--preset--spacing--70);padding-right:var(--wp--preset--spacing--40);padding-bottom:var(--wp--preset--spacing--70);padding-left:var(--wp--preset--spacing--40)\">\n<div class=\"wp-block-group has-global-padding is-layout-constrained wp-container-core-group-is-layout-1 wp-block-group-is-layout-constrained\">\n<h1 class=\"wp-block-heading has-text-align-center has-base-color has-text-color has-link-color has-xx-large-font-size wp-elements-dd8dfea9e4f380837b37bb8d6eef9510\" style=\"margin-right:0;margin-left:0;padding-right:0;padding-left:0;font-style:normal;font-weight:800\">\u00dcber uns<\/h1>\n<\/div>\n<\/div>\n<\/div><\/div>\n\n\n\n<div class=\"wp-block-group alignfull is-style-section-1 has-base-background-color has-background has-global-padding is-layout-constrained wp-block-group-is-layout-constrained is-style-section-1--1\" style=\"margin-top:0;margin-bottom:0;padding-top:var(--wp--preset--spacing--80);padding-bottom:var(--wp--preset--spacing--80)\">\n<div class=\"wp-block-columns alignwide is-layout-flex wp-container-core-columns-is-layout-1 wp-block-columns-is-layout-flex\">\n<div class=\"wp-block-column is-layout-flow wp-block-column-is-layout-flow\" style=\"padding-right:var(--wp--preset--spacing--50);flex-basis:45%\">\n<figure class=\"wp-block-image size-full\"><img loading=\"lazy\" decoding=\"async\" width=\"1709\" height=\"2560\" src=\"https:\/\/maibach-landschaftsbau.de\/wp-content\/uploads\/2025\/01\/23_05_27_Enrico-7-von-45-edited-scaled.jpg\" alt=\"\" class=\"wp-image-599\" style=\"aspect-ratio:2\/3;object-fit:cover\" srcset=\"https:\/\/maibach-landschaftsbau.de\/wp-content\/uploads\/2025\/01\/23_05_27_Enrico-7-von-45-edited-scaled.jpg 1709w, https:\/\/maibach-landschaftsbau.de\/wp-content\/uploads\/2025\/01\/23_05_27_Enrico-7-von-45-edited-200x300.jpg 200w, https:\/\/maibach-landschaftsbau.de\/wp-content\/uploads\/2025\/01\/23_05_27_Enrico-7-von-45-edited-684x1024.jpg 684w, https:\/\/maibach-landschaftsbau.de\/wp-content\/uploads\/2025\/01\/23_05_27_Enrico-7-von-45-edited-768x1150.jpg 768w, https:\/\/maibach-landschaftsbau.de\/wp-content\/uploads\/2025\/01\/23_05_27_Enrico-7-von-45-edited-1025x1536.jpg 1025w, https:\/\/maibach-landschaftsbau.de\/wp-content\/uploads\/2025\/01\/23_05_27_Enrico-7-von-45-edited-1367x2048.jpg 1367w\" sizes=\"auto, (max-width: 1709px) 100vw, 1709px\" \/><\/figure>\n\n\n\n<div class=\"wp-block-group has-global-padding is-layout-constrained wp-block-group-is-layout-constrained\" style=\"margin-top:-12vw\"><\/div>\n<\/div>\n\n\n\n<div class=\"wp-block-column is-vertically-aligned-center is-layout-flow wp-block-column-is-layout-flow\" style=\"padding-right:0;padding-left:0;flex-basis:50%\">\n<p class=\"is-style-text-subtitle is-style-text-subtitle--2\" style=\"font-size:clamp(0.984rem, 0.984rem + ((1vw - 0.2rem) * 0.809), 1.5rem);\">Als leidenschaftlicher Gartenbauingenieur und Inhaber von Maibach Landschaftsbau verbinde ich kreative Gestaltung mit fundiertem Fachwissen und langj\u00e4hriger F\u00fchrungserfahrung. <\/p>\n\n\n\n<p class=\"is-style-text-subtitle is-style-text-subtitle--3\" style=\"font-size:clamp(0.984rem, 0.984rem + ((1vw - 0.2rem) * 0.809), 1.5rem);\">Ich begleite Teams, strukturiere Projekte effizient und arbeite eng mit Kommunen, Investoren, Konzernen sowie inhabergef\u00fchrten Gartenbaubetrieben zusammen \u2013 immer mit dem Ziel, Ideen in lebendige, nachhaltige und moderne Gr\u00fcnr\u00e4ume zu verwandeln.<\/p>\n\n\n\n<p class=\"is-style-text-subtitle is-style-text-subtitle--4\" style=\"font-size:clamp(0.984rem, 0.984rem + ((1vw - 0.2rem) * 0.809), 1.5rem);\">Meine Expertise umfasst insbesondere die Baumkontrolle, Baumpflege, Baumpflanzung, baumschutzfachliche Baubegleitung, Bepflanzungsplanung und Vegetationstechnik.<br>Insbesondere f\u00fcr \u00f6ffentliche oder gewerbliche Auftraggeber.<\/p>\n<\/div>\n<\/div>\n<\/div>\n\n\n\n<div style=\"height:50px\" aria-hidden=\"true\" class=\"wp-block-spacer\"><\/div>\n\n\n\n<div class=\"wp-block-group alignfull is-style-section-1 has-global-padding is-content-justification-center is-layout-constrained wp-block-group-is-layout-constrained is-style-section-1--5\" style=\"margin-top:0;margin-bottom:0;padding-top:var(--wp--preset--spacing--50);padding-bottom:var(--wp--preset--spacing--50)\">\n<div class=\"wp-block-columns alignwide is-layout-flex wp-container-core-columns-is-layout-2 wp-block-columns-is-layout-flex\">\n<div class=\"wp-block-column is-vertically-aligned-top is-layout-flow wp-block-column-is-layout-flow\">\n<div class=\"wp-block-group is-vertical is-content-justification-stretch is-layout-flex wp-container-core-group-is-layout-5 wp-block-group-is-layout-flex\" style=\"min-height:100%\">\n<blockquote class=\"wp-block-quote is-layout-flow wp-block-quote-is-layout-flow\">\n<h2 id=\"wp-block-themeisle-blocks-advanced-heading-67475316\" class=\"wp-block-themeisle-blocks-advanced-heading wp-block-themeisle-blocks-advanced-heading-67475316 is-style-default\">Maibach Landschaftsbau steht f\u00fcr zuverl\u00e4ssige Qualit\u00e4t, fundiertes Fachwissen und individuelle Gestaltung. Wir entwickeln Gr\u00fcnfl\u00e4chen, die durch klare Konzepte und bewusst gew\u00e4hlte Pflanzen nachhaltig begeistern \u2013 R\u00e4ume schaffen, Freude bereiten und Bestand haben.<\/h2>\n<\/blockquote>\n<\/div>\n<\/div>\n<\/div>\n<\/div>\n\n\n\n<div style=\"height:50px\" aria-hidden=\"true\" class=\"wp-block-spacer\"><\/div>\n\n\n\n<div class=\"wp-block-group alignfull ticss-c6502248 has-global-padding is-layout-constrained wp-block-group-is-layout-constrained\" style=\"margin-top:0;margin-bottom:0;padding-top:var(--wp--preset--spacing--50);padding-bottom:var(--wp--preset--spacing--50)\">\n<div class=\"wp-block-group alignwide has-global-padding is-layout-constrained wp-block-group-is-layout-constrained\">\n<h2 class=\"wp-block-heading alignfull has-text-align-left has-xx-large-font-size\">Ausbildung<\/h2>\n\n\n\n<div class=\"wp-block-group alignwide is-layout-grid wp-container-core-group-is-layout-7 wp-block-group-is-layout-grid\" style=\"border-top-color:var(--wp--preset--color--accent-2);border-top-width:1px;margin-top:var(--wp--preset--spacing--50);padding-top:var(--wp--preset--spacing--60);padding-bottom:var(--wp--preset--spacing--60)\">\n<p>lorm&#8230;<\/p>\n<\/div>\n<\/div>\n\n\n\n<div style=\"height:100px\" aria-hidden=\"true\" class=\"wp-block-spacer\"><\/div>\n\n\n\n<div class=\"wp-block-group alignwide has-global-padding is-layout-constrained wp-block-group-is-layout-constrained\">\n<h2 class=\"wp-block-heading alignfull has-text-align-left has-xx-large-font-size\">Qualifikationen<\/h2>\n\n\n\n<div class=\"wp-block-group alignwide is-layout-grid wp-container-core-group-is-layout-9 wp-block-group-is-layout-grid\" style=\"border-top-color:var(--wp--preset--color--accent-2);border-top-width:1px;margin-top:var(--wp--preset--spacing--50);padding-top:var(--wp--preset--spacing--60);padding-bottom:var(--wp--preset--spacing--60)\">\n<p>lorem&#8230;<\/p>\n<\/div>\n<\/div>\n<\/div>\n\n\n\n<section id=\"wp-block-themeisle-blocks-advanced-columns-cb87630d\" class=\"wp-block-themeisle-blocks-advanced-columns alignfull has-1-columns has-desktop-equal-layout has-tablet-equal-layout has-mobile-collapsedRows-layout has-vertical-center has-light-bg\"><div class=\"wp-block-themeisle-blocks-advanced-columns-overlay\"><\/div><div class=\"innerblocks-wrap\">\n<div id=\"wp-block-themeisle-blocks-advanced-column-a521c34e\" class=\"wp-block-themeisle-blocks-advanced-column\">\n<h1 class=\"wp-block-heading has-text-align-center has-contrast-color has-text-color\">Kontaktieren Sie uns<\/h1>\n\n\n\n<h3 class=\"wp-block-heading has-text-align-center\">Und lassen Sie uns gemeinsam an der Verwirklichung Ihrer Ideen arbeiten.<\/h3>\n\n\n\n<div style=\"height:30px\" aria-hidden=\"true\" class=\"wp-block-spacer\"><\/div>\n\n\n\n<div class=\"wp-block-buttons is-horizontal is-content-justification-center is-layout-flex wp-container-core-buttons-is-layout-1 wp-block-buttons-is-layout-flex\">\n<div class=\"wp-block-button is-style-primary\"><a class=\"wp-block-button__link has-base-background-color has-text-color has-background has-link-color wp-element-button\" href=\"mailto:info@maibach-landschaftsbau.de\" style=\"border-radius:22px;color:#080808\">Kontakt aufnehmen<\/a><\/div>\n<\/div>\n\n\n\n<div style=\"height:var(--wp--preset--spacing--50)\" aria-hidden=\"true\" class=\"wp-block-spacer\"><\/div>\n\n\n\n<div class=\"wp-block-columns are-vertically-aligned-center is-not-stacked-on-mobile is-layout-flex wp-container-core-columns-is-layout-3 wp-block-columns-is-layout-flex\">\n<div class=\"wp-block-column is-vertically-aligned-center is-layout-flow wp-block-column-is-layout-flow\" style=\"flex-basis:50%\">\n<figure class=\"wp-block-image alignright size-large is-resized is-style-rounded\"><img loading=\"lazy\" decoding=\"async\" width=\"1024\" height=\"1024\" src=\"http:\/\/maibach-landschaftsbau.de\/wp-content\/uploads\/2025\/01\/23_05_27_Enrico-7-von-45-edited-1-1024x1024.jpg\" alt=\"\" class=\"wp-image-782\" style=\"aspect-ratio:1;object-fit:cover;width:150px\" srcset=\"https:\/\/maibach-landschaftsbau.de\/wp-content\/uploads\/2025\/01\/23_05_27_Enrico-7-von-45-edited-1-1024x1024.jpg 1024w, https:\/\/maibach-landschaftsbau.de\/wp-content\/uploads\/2025\/01\/23_05_27_Enrico-7-von-45-edited-1-300x300.jpg 300w, https:\/\/maibach-landschaftsbau.de\/wp-content\/uploads\/2025\/01\/23_05_27_Enrico-7-von-45-edited-1-150x150.jpg 150w, https:\/\/maibach-landschaftsbau.de\/wp-content\/uploads\/2025\/01\/23_05_27_Enrico-7-von-45-edited-1-768x768.jpg 768w, https:\/\/maibach-landschaftsbau.de\/wp-content\/uploads\/2025\/01\/23_05_27_Enrico-7-von-45-edited-1-1536x1536.jpg 1536w, https:\/\/maibach-landschaftsbau.de\/wp-content\/uploads\/2025\/01\/23_05_27_Enrico-7-von-45-edited-1.jpg 1567w\" sizes=\"auto, (max-width: 1024px) 100vw, 1024px\" \/><\/figure>\n<\/div>\n\n\n\n<div class=\"wp-block-column is-vertically-aligned-center is-layout-flow wp-block-column-is-layout-flow\" style=\"flex-basis:50%\">\n<p class=\"has-medium-font-size\"><strong>Enrico Maibach<\/strong><\/p>\n\n\n\n<p class=\"has-small-font-size\">Gesch\u00e4ftsf\u00fchrer (B.Eng.)<\/p>\n<\/div>\n<\/div>\n<\/div>\n<\/div><\/section>\n","protected":false},"excerpt":{"rendered":"<p>Als leidenschaftlicher Gartenbauingenieur und Inhaber von Maibach Landschaftsbau verbinde ich kreative Gestaltung mit fundiertem Fachwissen und langj\u00e4hriger F\u00fchrungserfahrung. Ich begleite Teams, strukturiere Projekte effizient und arbeite eng mit Kommunen, Investoren, Konzernen sowie inhabergef\u00fchrten Gartenbaubetrieben zusammen \u2013 immer mit dem Ziel, Ideen in lebendige, nachhaltige und moderne Gr\u00fcnr\u00e4ume zu verwandeln. Meine Expertise umfasst insbesondere die Baumkontrolle, [&hellip;]<\/p>\n","protected":false},"author":1,"featured_media":0,"parent":0,"menu_order":0,"comment_status":"closed","ping_status":"closed","template":"","meta":{"_themeisle_gutenberg_block_has_review":false,"footnotes":""},"class_list":["post-71","page","type-page","status-publish","hentry"],"_links":{"self":[{"href":"https:\/\/maibach-landschaftsbau.de\/index.php?rest_route=\/wp\/v2\/pages\/71","targetHints":{"allow":["GET"]}}],"collection":[{"href":"https:\/\/maibach-landschaftsbau.de\/index.php?rest_route=\/wp\/v2\/pages"}],"about":[{"href":"https:\/\/maibach-landschaftsbau.de\/index.php?rest_route=\/wp\/v2\/types\/page"}],"author":[{"embeddable":true,"href":"https:\/\/maibach-landschaftsbau.de\/index.php?rest_route=\/wp\/v2\/users\/1"}],"replies":[{"embeddable":true,"href":"https:\/\/maibach-landschaftsbau.de\/index.php?rest_route=%2Fwp%2Fv2%2Fcomments&post=71"}],"version-history":[{"count":43,"href":"https:\/\/maibach-landschaftsbau.de\/index.php?rest_route=\/wp\/v2\/pages\/71\/revisions"}],"predecessor-version":[{"id":1034,"href":"https:\/\/maibach-landschaftsbau.de\/index.php?rest_route=\/wp\/v2\/pages\/71\/revisions\/1034"}],"wp:attachment":[{"href":"https:\/\/maibach-landschaftsbau.de\/index.php?rest_route=%2Fwp%2Fv2%2Fmedia&parent=71"}],"curies":[{"name":"wp","href":"https:\/\/api.w.org\/{rel}","templated":true}]}}