{"id":494,"date":"2024-12-21T19:59:50","date_gmt":"2024-12-21T19:59:50","guid":{"rendered":"https:\/\/maibach-landschaftsbau.de\/?page_id=494"},"modified":"2026-01-18T12:06:21","modified_gmt":"2026-01-18T12:06:21","slug":"baumkontrolle","status":"publish","type":"page","link":"https:\/\/maibach-landschaftsbau.de\/?page_id=494","title":{"rendered":"Baumkontrolle"},"content":{"rendered":"\n<div class=\"wp-block-cover alignfull has-custom-content-position is-position-bottom-center\" style=\"margin-top:-50px;padding-top:var(--wp--preset--spacing--50);padding-right:var(--wp--preset--spacing--50);padding-bottom:var(--wp--preset--spacing--50);padding-left:var(--wp--preset--spacing--50);min-height:400px;aspect-ratio:unset;\"><span aria-hidden=\"true\" class=\"wp-block-cover__background has-background-dim-10 has-background-dim\" style=\"background-color:#7a827a\"><\/span><img loading=\"lazy\" decoding=\"async\" width=\"2560\" height=\"1152\" class=\"wp-block-cover__image-background wp-image-953\" alt=\"\" src=\"http:\/\/maibach-landschaftsbau.de\/wp-content\/uploads\/2026\/01\/Lichtung-scaled.jpeg\" data-object-fit=\"cover\" srcset=\"https:\/\/maibach-landschaftsbau.de\/wp-content\/uploads\/2026\/01\/Lichtung-scaled.jpeg 2560w, https:\/\/maibach-landschaftsbau.de\/wp-content\/uploads\/2026\/01\/Lichtung-300x135.jpeg 300w, https:\/\/maibach-landschaftsbau.de\/wp-content\/uploads\/2026\/01\/Lichtung-1024x461.jpeg 1024w, https:\/\/maibach-landschaftsbau.de\/wp-content\/uploads\/2026\/01\/Lichtung-768x346.jpeg 768w, https:\/\/maibach-landschaftsbau.de\/wp-content\/uploads\/2026\/01\/Lichtung-1536x691.jpeg 1536w, https:\/\/maibach-landschaftsbau.de\/wp-content\/uploads\/2026\/01\/Lichtung-2048x922.jpeg 2048w\" sizes=\"auto, (max-width: 2560px) 100vw, 2560px\" \/><div class=\"wp-block-cover__inner-container has-global-padding is-layout-constrained wp-container-core-cover-is-layout-1 wp-block-cover-is-layout-constrained\">\n<p class=\"has-text-align-center has-large-font-size\"><\/p>\n<\/div><\/div>\n\n\n\n<div class=\"wp-block-group alignfull is-style-default has-global-padding is-layout-constrained wp-container-core-group-is-layout-2 wp-block-group-is-layout-constrained\" style=\"margin-top:0;margin-bottom:0;padding-top:var(--wp--preset--spacing--60);padding-right:var(--wp--preset--spacing--80);padding-bottom:var(--wp--preset--spacing--60);padding-left:var(--wp--preset--spacing--80)\">\n<div class=\"wp-block-group alignwide has-global-padding is-layout-constrained wp-block-group-is-layout-constrained\">\n<div class=\"wp-block-columns alignwide is-layout-flex wp-container-core-columns-is-layout-1 wp-block-columns-is-layout-flex\">\n<div class=\"wp-block-column is-vertically-aligned-center is-layout-flow wp-block-column-is-layout-flow\" style=\"flex-basis:100%\">\n<h2 class=\"wp-block-heading has-text-align-center\">Baumkontrolle<\/h2>\n\n\n\n<p class=\"has-text-align-center\" style=\"font-size:clamp(0.875rem, 0.875rem + ((1vw - 0.2rem) * 0.667), 1.3rem);\">Wir f\u00fchren fachgerechte Baumkontrollen f\u00fcr Kommunen, Unternehmen und institutionelle Auftraggeber durch. Ziel ist die zuverl\u00e4ssige Beurteilung der Verkehrssicherheit sowie des Gesundheitszustands von B\u00e4umen auf \u00f6ffentlichen, gewerblichen und privaten Fl\u00e4chen. <\/p>\n\n\n\n<p class=\"has-text-align-center\" style=\"font-size:clamp(0.875rem, 0.875rem + ((1vw - 0.2rem) * 0.667), 1.3rem);\">Die Kontrolle erfolgt nach den anerkannten zertifizierten Baumkontrollrichtlinien der Forschungsgesellschaft Landschaftsentwicklung Landschaftsbau e.V. (FLL) und umfasst die visuelle Pr\u00fcfung von B\u00e4umen.<\/p>\n\n\n\n<p class=\"has-text-align-center\" style=\"font-size:clamp(0.875rem, 0.875rem + ((1vw - 0.2rem) * 0.667), 1.3rem);\">Hierbei werden Sch\u00e4digungen, Krankheiten (z.B. Pilzk\u00f6rper), Totholzbildung und weitere sicherheitsrelevante Auff\u00e4lligkeiten.<br>Die Ergebnisse werden nachvollziehbar dokumentiert und Handlungsbedarfe werden festgeschrieben.<\/p>\n\n\n\n<p class=\"has-text-align-center\" style=\"font-size:clamp(0.875rem, 0.875rem + ((1vw - 0.2rem) * 0.667), 1.3rem);\">Dar\u00fcber hinaus k\u00f6nnen gezielt zuk\u00fcnftige Handlungsempfehlungen erarbeitet werden, die \u00fcber eine auf die zuk\u00fcnftige Erhaltung und Vitalisierung des Baumbestandes abzielt.<\/p>\n\n\n\n<p class=\"has-text-align-center\" style=\"font-size:clamp(0.875rem, 0.875rem + ((1vw - 0.2rem) * 0.667), 1.3rem);\">Bei den festgestellten Handlungsbedarfen erhalten Sie klare Empfehlungen zu erforderlichen Ma\u00dfnahmen:<br>Baumpflege- oder Schnittma\u00dfnahmen; Sicherungsma\u00dfnahmen oder weiterf\u00fchrende Eingehende Untersuchungen.<br><\/p>\n<\/div>\n<\/div>\n<\/div>\n<\/div>\n\n\n\n<div class=\"wp-block-group alignwide is-layout-grid wp-container-core-group-is-layout-3 wp-block-group-is-layout-grid\">\n<figure class=\"wp-block-image size-full\"><img loading=\"lazy\" decoding=\"async\" width=\"1500\" height=\"2000\" src=\"http:\/\/maibach-landschaftsbau.de\/wp-content\/uploads\/2025\/12\/EnricoMaibach.jpeg\" alt=\"\" class=\"wp-image-902\" style=\"aspect-ratio:1;object-fit:cover\" srcset=\"https:\/\/maibach-landschaftsbau.de\/wp-content\/uploads\/2025\/12\/EnricoMaibach.jpeg 1500w, https:\/\/maibach-landschaftsbau.de\/wp-content\/uploads\/2025\/12\/EnricoMaibach-225x300.jpeg 225w, https:\/\/maibach-landschaftsbau.de\/wp-content\/uploads\/2025\/12\/EnricoMaibach-768x1024.jpeg 768w, https:\/\/maibach-landschaftsbau.de\/wp-content\/uploads\/2025\/12\/EnricoMaibach-1152x1536.jpeg 1152w\" sizes=\"auto, (max-width: 1500px) 100vw, 1500px\" \/><\/figure>\n\n\n\n<figure class=\"wp-block-image size-full wp-container-content-1\"><img loading=\"lazy\" decoding=\"async\" width=\"900\" height=\"2000\" src=\"http:\/\/maibach-landschaftsbau.de\/wp-content\/uploads\/2025\/12\/Baumkontrolle.jpeg\" alt=\"\" class=\"wp-image-897\" style=\"aspect-ratio:1;object-fit:cover\" srcset=\"https:\/\/maibach-landschaftsbau.de\/wp-content\/uploads\/2025\/12\/Baumkontrolle.jpeg 900w, https:\/\/maibach-landschaftsbau.de\/wp-content\/uploads\/2025\/12\/Baumkontrolle-135x300.jpeg 135w, https:\/\/maibach-landschaftsbau.de\/wp-content\/uploads\/2025\/12\/Baumkontrolle-461x1024.jpeg 461w, https:\/\/maibach-landschaftsbau.de\/wp-content\/uploads\/2025\/12\/Baumkontrolle-768x1707.jpeg 768w, https:\/\/maibach-landschaftsbau.de\/wp-content\/uploads\/2025\/12\/Baumkontrolle-691x1536.jpeg 691w\" sizes=\"auto, (max-width: 900px) 100vw, 900px\" \/><\/figure>\n\n\n\n<figure class=\"wp-block-image size-full\"><img loading=\"lazy\" decoding=\"async\" width=\"1183\" height=\"2560\" src=\"http:\/\/maibach-landschaftsbau.de\/wp-content\/uploads\/2026\/01\/ToterBaum-scaled.jpg\" alt=\"\" class=\"wp-image-954\" style=\"aspect-ratio:1;object-fit:cover\" srcset=\"https:\/\/maibach-landschaftsbau.de\/wp-content\/uploads\/2026\/01\/ToterBaum-scaled.jpg 1183w, https:\/\/maibach-landschaftsbau.de\/wp-content\/uploads\/2026\/01\/ToterBaum-139x300.jpg 139w, https:\/\/maibach-landschaftsbau.de\/wp-content\/uploads\/2026\/01\/ToterBaum-473x1024.jpg 473w, https:\/\/maibach-landschaftsbau.de\/wp-content\/uploads\/2026\/01\/ToterBaum-768x1662.jpg 768w, https:\/\/maibach-landschaftsbau.de\/wp-content\/uploads\/2026\/01\/ToterBaum-710x1536.jpg 710w, https:\/\/maibach-landschaftsbau.de\/wp-content\/uploads\/2026\/01\/ToterBaum-946x2048.jpg 946w\" sizes=\"auto, (max-width: 1183px) 100vw, 1183px\" \/><\/figure>\n\n\n\n<figure class=\"wp-block-image size-full\"><img loading=\"lazy\" decoding=\"async\" width=\"2560\" height=\"1707\" src=\"http:\/\/maibach-landschaftsbau.de\/wp-content\/uploads\/2025\/12\/Pilz-scaled.jpg\" alt=\"\" class=\"wp-image-910\" style=\"aspect-ratio:1;object-fit:cover\" srcset=\"https:\/\/maibach-landschaftsbau.de\/wp-content\/uploads\/2025\/12\/Pilz-scaled.jpg 2560w, https:\/\/maibach-landschaftsbau.de\/wp-content\/uploads\/2025\/12\/Pilz-300x200.jpg 300w, https:\/\/maibach-landschaftsbau.de\/wp-content\/uploads\/2025\/12\/Pilz-1024x683.jpg 1024w, https:\/\/maibach-landschaftsbau.de\/wp-content\/uploads\/2025\/12\/Pilz-768x512.jpg 768w, https:\/\/maibach-landschaftsbau.de\/wp-content\/uploads\/2025\/12\/Pilz-1536x1024.jpg 1536w, https:\/\/maibach-landschaftsbau.de\/wp-content\/uploads\/2025\/12\/Pilz-2048x1365.jpg 2048w\" sizes=\"auto, (max-width: 2560px) 100vw, 2560px\" \/><\/figure>\n\n\n\n<figure class=\"wp-block-image size-full wp-container-content-2\"><img loading=\"lazy\" decoding=\"async\" width=\"1152\" height=\"2560\" src=\"https:\/\/maibach-landschaftsbau.de\/wp-content\/uploads\/2026\/01\/Baumkontrolle_Eichenprozessionspinner-scaled.jpg\" alt=\"\" class=\"wp-image-1001\" style=\"aspect-ratio:1;object-fit:cover\" srcset=\"https:\/\/maibach-landschaftsbau.de\/wp-content\/uploads\/2026\/01\/Baumkontrolle_Eichenprozessionspinner-scaled.jpg 1152w, https:\/\/maibach-landschaftsbau.de\/wp-content\/uploads\/2026\/01\/Baumkontrolle_Eichenprozessionspinner-135x300.jpg 135w, https:\/\/maibach-landschaftsbau.de\/wp-content\/uploads\/2026\/01\/Baumkontrolle_Eichenprozessionspinner-461x1024.jpg 461w, https:\/\/maibach-landschaftsbau.de\/wp-content\/uploads\/2026\/01\/Baumkontrolle_Eichenprozessionspinner-768x1707.jpg 768w, https:\/\/maibach-landschaftsbau.de\/wp-content\/uploads\/2026\/01\/Baumkontrolle_Eichenprozessionspinner-691x1536.jpg 691w, https:\/\/maibach-landschaftsbau.de\/wp-content\/uploads\/2026\/01\/Baumkontrolle_Eichenprozessionspinner-922x2048.jpg 922w\" sizes=\"auto, (max-width: 1152px) 100vw, 1152px\" \/><\/figure>\n\n\n\n<figure class=\"wp-block-image size-full wp-container-content-3\"><img loading=\"lazy\" decoding=\"async\" width=\"1816\" height=\"2560\" src=\"https:\/\/maibach-landschaftsbau.de\/wp-content\/uploads\/2026\/01\/Baum_pilz-scaled.jpg\" alt=\"\" class=\"wp-image-987\" style=\"aspect-ratio:1;object-fit:cover\" srcset=\"https:\/\/maibach-landschaftsbau.de\/wp-content\/uploads\/2026\/01\/Baum_pilz-scaled.jpg 1816w, https:\/\/maibach-landschaftsbau.de\/wp-content\/uploads\/2026\/01\/Baum_pilz-213x300.jpg 213w, https:\/\/maibach-landschaftsbau.de\/wp-content\/uploads\/2026\/01\/Baum_pilz-726x1024.jpg 726w, https:\/\/maibach-landschaftsbau.de\/wp-content\/uploads\/2026\/01\/Baum_pilz-768x1083.jpg 768w, https:\/\/maibach-landschaftsbau.de\/wp-content\/uploads\/2026\/01\/Baum_pilz-1090x1536.jpg 1090w, https:\/\/maibach-landschaftsbau.de\/wp-content\/uploads\/2026\/01\/Baum_pilz-1453x2048.jpg 1453w\" sizes=\"auto, (max-width: 1816px) 100vw, 1816px\" \/><\/figure>\n\n\n\n<figure class=\"wp-block-image size-full wp-container-content-4\"><img loading=\"lazy\" decoding=\"async\" width=\"1440\" height=\"1440\" src=\"https:\/\/maibach-landschaftsbau.de\/wp-content\/uploads\/2026\/01\/Baumkontrolle_Markierung-edited.jpg\" alt=\"\" class=\"wp-image-999\" style=\"aspect-ratio:1;object-fit:cover\" srcset=\"https:\/\/maibach-landschaftsbau.de\/wp-content\/uploads\/2026\/01\/Baumkontrolle_Markierung-edited.jpg 1440w, https:\/\/maibach-landschaftsbau.de\/wp-content\/uploads\/2026\/01\/Baumkontrolle_Markierung-edited-300x300.jpg 300w, https:\/\/maibach-landschaftsbau.de\/wp-content\/uploads\/2026\/01\/Baumkontrolle_Markierung-edited-1024x1024.jpg 1024w, https:\/\/maibach-landschaftsbau.de\/wp-content\/uploads\/2026\/01\/Baumkontrolle_Markierung-edited-150x150.jpg 150w, https:\/\/maibach-landschaftsbau.de\/wp-content\/uploads\/2026\/01\/Baumkontrolle_Markierung-edited-768x768.jpg 768w\" sizes=\"auto, (max-width: 1440px) 100vw, 1440px\" \/><\/figure>\n\n\n\n<figure class=\"wp-block-image size-full wp-container-content-5\"><img loading=\"lazy\" decoding=\"async\" width=\"900\" height=\"900\" src=\"http:\/\/maibach-landschaftsbau.de\/wp-content\/uploads\/2026\/01\/Baumkontrolle4-1-edited.jpg\" alt=\"\" class=\"wp-image-969\" style=\"aspect-ratio:1;object-fit:cover\" srcset=\"https:\/\/maibach-landschaftsbau.de\/wp-content\/uploads\/2026\/01\/Baumkontrolle4-1-edited.jpg 900w, https:\/\/maibach-landschaftsbau.de\/wp-content\/uploads\/2026\/01\/Baumkontrolle4-1-edited-300x300.jpg 300w, https:\/\/maibach-landschaftsbau.de\/wp-content\/uploads\/2026\/01\/Baumkontrolle4-1-edited-150x150.jpg 150w, https:\/\/maibach-landschaftsbau.de\/wp-content\/uploads\/2026\/01\/Baumkontrolle4-1-edited-768x768.jpg 768w\" sizes=\"auto, (max-width: 900px) 100vw, 900px\" \/><\/figure>\n\n\n\n<figure class=\"wp-block-image size-full wp-container-content-6\"><img loading=\"lazy\" decoding=\"async\" width=\"900\" height=\"2000\" src=\"http:\/\/maibach-landschaftsbau.de\/wp-content\/uploads\/2025\/12\/Baumkontrolle2.jpeg\" alt=\"\" class=\"wp-image-893\" style=\"aspect-ratio:1;object-fit:cover\" srcset=\"https:\/\/maibach-landschaftsbau.de\/wp-content\/uploads\/2025\/12\/Baumkontrolle2.jpeg 900w, https:\/\/maibach-landschaftsbau.de\/wp-content\/uploads\/2025\/12\/Baumkontrolle2-135x300.jpeg 135w, https:\/\/maibach-landschaftsbau.de\/wp-content\/uploads\/2025\/12\/Baumkontrolle2-461x1024.jpeg 461w, https:\/\/maibach-landschaftsbau.de\/wp-content\/uploads\/2025\/12\/Baumkontrolle2-768x1707.jpeg 768w, https:\/\/maibach-landschaftsbau.de\/wp-content\/uploads\/2025\/12\/Baumkontrolle2-691x1536.jpeg 691w\" sizes=\"auto, (max-width: 900px) 100vw, 900px\" \/><\/figure>\n<\/div>\n\n\n\n<div style=\"height:100px\" aria-hidden=\"true\" class=\"wp-block-spacer\"><\/div>\n\n\n\n<section id=\"wp-block-themeisle-blocks-advanced-columns-cb87630d\" class=\"wp-block-themeisle-blocks-advanced-columns alignfull has-1-columns has-desktop-equal-layout has-tablet-equal-layout has-mobile-collapsedRows-layout has-vertical-center has-light-bg\"><div class=\"wp-block-themeisle-blocks-advanced-columns-overlay\"><\/div><div class=\"innerblocks-wrap\">\n<div id=\"wp-block-themeisle-blocks-advanced-column-a521c34e\" class=\"wp-block-themeisle-blocks-advanced-column\">\n<h1 class=\"wp-block-heading has-text-align-center has-contrast-color has-text-color\">Kontaktieren Sie uns<\/h1>\n\n\n\n<h3 class=\"wp-block-heading has-text-align-center\">Und lassen Sie uns gemeinsam an der Verwirklichung Ihrer Ideen arbeiten.<\/h3>\n\n\n\n<div style=\"height:30px\" aria-hidden=\"true\" class=\"wp-block-spacer\"><\/div>\n\n\n\n<div class=\"wp-block-buttons is-horizontal is-content-justification-center is-layout-flex wp-container-core-buttons-is-layout-1 wp-block-buttons-is-layout-flex\">\n<div class=\"wp-block-button is-style-primary\"><a class=\"wp-block-button__link has-base-background-color has-text-color has-background has-link-color wp-element-button\" href=\"mailto:info@maibach-landschaftsbau.de\" style=\"border-radius:22px;color:#080808\">Kontakt aufnehmen<\/a><\/div>\n<\/div>\n\n\n\n<div style=\"height:var(--wp--preset--spacing--50)\" aria-hidden=\"true\" class=\"wp-block-spacer\"><\/div>\n\n\n\n<div class=\"wp-block-columns are-vertically-aligned-center is-not-stacked-on-mobile is-layout-flex wp-container-core-columns-is-layout-2 wp-block-columns-is-layout-flex\">\n<div class=\"wp-block-column is-vertically-aligned-center is-layout-flow wp-block-column-is-layout-flow\" style=\"flex-basis:50%\">\n<figure class=\"wp-block-image alignright size-large is-resized is-style-rounded\"><img loading=\"lazy\" decoding=\"async\" width=\"1024\" height=\"1024\" src=\"http:\/\/maibach-landschaftsbau.de\/wp-content\/uploads\/2025\/01\/23_05_27_Enrico-7-von-45-edited-1-1024x1024.jpg\" alt=\"\" class=\"wp-image-782\" style=\"aspect-ratio:1;object-fit:cover;width:150px\" srcset=\"https:\/\/maibach-landschaftsbau.de\/wp-content\/uploads\/2025\/01\/23_05_27_Enrico-7-von-45-edited-1-1024x1024.jpg 1024w, https:\/\/maibach-landschaftsbau.de\/wp-content\/uploads\/2025\/01\/23_05_27_Enrico-7-von-45-edited-1-300x300.jpg 300w, https:\/\/maibach-landschaftsbau.de\/wp-content\/uploads\/2025\/01\/23_05_27_Enrico-7-von-45-edited-1-150x150.jpg 150w, https:\/\/maibach-landschaftsbau.de\/wp-content\/uploads\/2025\/01\/23_05_27_Enrico-7-von-45-edited-1-768x768.jpg 768w, https:\/\/maibach-landschaftsbau.de\/wp-content\/uploads\/2025\/01\/23_05_27_Enrico-7-von-45-edited-1-1536x1536.jpg 1536w, https:\/\/maibach-landschaftsbau.de\/wp-content\/uploads\/2025\/01\/23_05_27_Enrico-7-von-45-edited-1.jpg 1567w\" sizes=\"auto, (max-width: 1024px) 100vw, 1024px\" \/><\/figure>\n<\/div>\n\n\n\n<div class=\"wp-block-column is-vertically-aligned-center is-layout-flow wp-block-column-is-layout-flow\" style=\"flex-basis:50%\">\n<p class=\"has-medium-font-size\"><strong>Enrico Maibach<\/strong><\/p>\n\n\n\n<p class=\"has-small-font-size\">Gesch\u00e4ftsf\u00fchrer (B.Eng.)<\/p>\n<\/div>\n<\/div>\n<\/div>\n<\/div><\/section>\n","protected":false},"excerpt":{"rendered":"<p>Baumkontrolle Wir f\u00fchren fachgerechte Baumkontrollen f\u00fcr Kommunen, Unternehmen und institutionelle Auftraggeber durch. Ziel ist die zuverl\u00e4ssige Beurteilung der Verkehrssicherheit sowie des Gesundheitszustands von B\u00e4umen auf \u00f6ffentlichen, gewerblichen und privaten Fl\u00e4chen. Die Kontrolle erfolgt nach den anerkannten zertifizierten Baumkontrollrichtlinien der Forschungsgesellschaft Landschaftsentwicklung Landschaftsbau e.V. (FLL) und umfasst die visuelle Pr\u00fcfung von B\u00e4umen. Hierbei werden Sch\u00e4digungen, Krankheiten [&hellip;]<\/p>\n","protected":false},"author":1,"featured_media":0,"parent":0,"menu_order":0,"comment_status":"closed","ping_status":"closed","template":"","meta":{"_themeisle_gutenberg_block_has_review":false,"footnotes":""},"class_list":["post-494","page","type-page","status-publish","hentry"],"_links":{"self":[{"href":"https:\/\/maibach-landschaftsbau.de\/index.php?rest_route=\/wp\/v2\/pages\/494","targetHints":{"allow":["GET"]}}],"collection":[{"href":"https:\/\/maibach-landschaftsbau.de\/index.php?rest_route=\/wp\/v2\/pages"}],"about":[{"href":"https:\/\/maibach-landschaftsbau.de\/index.php?rest_route=\/wp\/v2\/types\/page"}],"author":[{"embeddable":true,"href":"https:\/\/maibach-landschaftsbau.de\/index.php?rest_route=\/wp\/v2\/users\/1"}],"replies":[{"embeddable":true,"href":"https:\/\/maibach-landschaftsbau.de\/index.php?rest_route=%2Fwp%2Fv2%2Fcomments&post=494"}],"version-history":[{"count":24,"href":"https:\/\/maibach-landschaftsbau.de\/index.php?rest_route=\/wp\/v2\/pages\/494\/revisions"}],"predecessor-version":[{"id":1036,"href":"https:\/\/maibach-landschaftsbau.de\/index.php?rest_route=\/wp\/v2\/pages\/494\/revisions\/1036"}],"wp:attachment":[{"href":"https:\/\/maibach-landschaftsbau.de\/index.php?rest_route=%2Fwp%2Fv2%2Fmedia&parent=494"}],"curies":[{"name":"wp","href":"https:\/\/api.w.org\/{rel}","templated":true}]}}